{"id":6452,"date":"2023-03-22T14:59:26","date_gmt":"2023-03-22T14:59:26","guid":{"rendered":"https:\/\/www.equipoeconomico.com\/our-team\/mariana-camino\/"},"modified":"2023-03-22T14:59:26","modified_gmt":"2023-03-22T14:59:26","slug":"mariana-camino","status":"publish","type":"page","link":"https:\/\/www.equipoeconomico.com\/en\/our-team\/mariana-camino\/","title":{"rendered":"Mariana Camino"},"content":{"rendered":"<div class=\"wpb-content-wrapper\"><p>[vc_row full_width=&#8221;stretch_row&#8221; bg_type=&#8221;bg_color&#8221; css=&#8221;.vc_custom_1632489511127{margin-top: 0px !important;margin-right: 0px !important;margin-bottom: 0px !important;margin-left: 0px !important;padding-top: 0px !important;padding-bottom: 0px !important;}&#8221; bg_color_value=&#8221;#f8f8f8&#8243;][vc_column css=&#8221;.vc_custom_1632489488252{margin-top: 0px !important;margin-right: 0px !important;margin-bottom: 0px !important;margin-left: 0px !important;padding-top: 0px !important;padding-right: 0px !important;padding-bottom: 0px !important;padding-left: 0px !important;}&#8221;][vc_column_text css=&#8221;.vc_custom_1679064877225{margin-top: 0px !important;margin-bottom: 0px !important;padding-top: 15px !important;padding-bottom: 15px !important;}&#8221;]<\/p>\n<p style=\"text-align: left; color: #9d9d9d; font-size: 12px;\"><a style=\"color: #9d9d9d; text-decoration: none;\" href=\"https:\/\/www.equipoeconomico.com\/en\/\">Home<\/a>\u00a0&gt; <a style=\"color: #9d9d9d; text-decoration: none;\" href=\"https:\/\/www.equipoeconomico.com\/en\/our-team\/\">Our team<\/a>\u00a0&gt; <strong style=\"color: #3c3c3e;\">Mariana Camino<\/strong><\/p>\n<p>[\/vc_column_text][\/vc_column][\/vc_row][vc_row full_width=&#8221;stretch_row&#8221; equal_height=&#8221;yes&#8221; content_placement=&#8221;middle&#8221; css=&#8221;.vc_custom_1632490381944{margin-top: 0px !important;margin-right: 0px !important;margin-bottom: 0px !important;margin-left: 0px !important;padding-top: 0px !important;padding-bottom: 0px !important;background-position: 0 0 !important;background-repeat: repeat !important;}&#8221; el_class=&#8221;bgficha&#8221;][vc_column width=&#8221;1\/2&#8243; css=&#8221;.vc_custom_1632489488252{margin-top: 0px !important;margin-right: 0px !important;margin-bottom: 0px !important;margin-left: 0px !important;padding-top: 0px !important;padding-right: 0px !important;padding-bottom: 0px !important;padding-left: 0px !important;}&#8221;][vc_column_text]<\/p>\n<h1 class=\"nombre\" style=\"font-size: 42px; font-weight: 600;\">Mariana Camino<\/h1>\n<h3 class=\"cargo\" style=\"font-weight: lighter; font-size: 19px;\"><span style=\"font-weight: 500;\">Advisory Council<\/span><\/h3>\n<h4 class=\"cita\" style=\"font-weight: lighter!important; font-size: 21px;\"><img decoding=\"async\" class=\"alignnone size-full wp-image-289\" style=\"margin-bottom: 0;\" src=\"https:\/\/www.equipoeconomico.com\/wp-content\/uploads\/2021\/09\/separadorqeuipogris.png\" alt=\"\" width=\"125\" height=\"19\" \/><\/h4>\n<p>[\/vc_column_text][vc_raw_html el_class=&#8221;showonmobile&#8221;]PGEgdGl0bGU9IkxpbmtlZGluIiBocmVmPSJMaW5rZWRJbjogaHR0cHM6Ly93d3cubGlua2VkaW4uY29tL2luL21hcmlhbmEtY2FtaW5vLWJiNGE3YTIwLyIgdGFyZ2V0PSJfYmxhbmsiIGNsYXNzPSJsaW5rZWRpbiI+PGltZyBzcmM9Imh0dHBzOi8vd3d3LmVxdWlwb2Vjb25vbWljby5jb20vd3AtY29udGVudC91cGxvYWRzLzIwMjEvMDkvaWNvbGlua2VkaW4ucG5nIiB3aWR0aD0iMzciIGhlaWdodD0iMjciIC8+PC9hPg==[\/vc_raw_html][\/vc_column][vc_column width=&#8221;1\/2&#8243; css=&#8221;.vc_custom_1637164501022{padding-top: 0px !important;}&#8221; el_class=&#8221;fotofichamob&#8221;][vc_single_image image=&#8221;6425&#8243; img_size=&#8221;401&#215;487&#8243; alignment=&#8221;center&#8221; el_class=&#8221;fotoficha&#8221;][\/vc_column][\/vc_row][vc_row full_width=&#8221;stretch_row&#8221; equal_height=&#8221;yes&#8221; content_placement=&#8221;middle&#8221; css=&#8221;.vc_custom_1635880336795{margin-top: -40px !important;margin-right: 0px !important;margin-bottom: 0px !important;margin-left: 0px !important;padding-top: 0px !important;padding-bottom: 0px !important;background-position: 0 0 !important;background-repeat: repeat !important;}&#8221; el_class=&#8221;hideonmobile&#8221;][vc_column css=&#8221;.vc_custom_1632489488252{margin-top: 0px !important;margin-right: 0px !important;margin-bottom: 0px !important;margin-left: 0px !important;padding-top: 0px !important;padding-right: 0px !important;padding-bottom: 0px !important;padding-left: 0px !important;}&#8221;][vc_raw_html el_class=&#8221;hideonmobile&#8221;]PGEgdGl0bGU9IkxpbmtlZGluIiBocmVmPSJodHRwczovL3d3dy5saW5rZWRpbi5jb20vaW4vbWFyaWFuYS1jYW1pbm8tYmI0YTdhMjAvIiB0YXJnZXQ9Il9ibGFuayIgY2xhc3M9ImxpbmtlZGluIj48aW1nIHNyYz0iaHR0cHM6Ly93d3cuZXF1aXBvZWNvbm9taWNvLmNvbS93cC1jb250ZW50L3VwbG9hZHMvMjAyMS8xMS9lcXVpcG9pY28yLnN2ZyIgd2lkdGg9IjM3IiBoZWlnaHQ9IjI3IiAvPjwvYT4=[\/vc_raw_html][\/vc_column][\/vc_row][vc_row equal_height=&#8221;yes&#8221; content_placement=&#8221;top&#8221; css=&#8221;.vc_custom_1632548420315{padding-bottom: 35px !important;}&#8221;][vc_column width=&#8221;2\/12&#8243; css=&#8221;.vc_custom_1637161397442{margin-bottom: 0px !important;padding-bottom: 0px !important;}&#8221;][vc_column_text css=&#8221;.vc_custom_1637161403926{margin-bottom: 0px !important;padding-bottom: 0px !important;}&#8221;]<\/p>\n<h3 style=\"font-weight: bolder!important;\"><span style=\"font-weight: bolder!important;\"><img decoding=\"async\" class=\"alignnone size-full wp-image-289\" style=\"margin-bottom: 0;\" src=\"https:\/\/www.equipoeconomico.com\/wp-content\/uploads\/2021\/09\/separadorqeuipogris.png\" alt=\"\" width=\"125\" height=\"19\" \/><\/span><br \/>\n<span style=\"color: #3e3d40;\">Experience<\/span><\/h3>\n<p>[\/vc_column_text][\/vc_column][vc_column width=&#8221;5\/12&#8243; el_class=&#8221;colizq&#8221;][vc_column_text css=&#8221;.vc_custom_1679064927566{padding-top: 10px !important;}&#8221;]<span style=\"color: #000000;\"><strong>Mariana Camino<\/strong><\/span><\/p>\n<p>is Partner and CEO of the economic and business consultancy ABECEB since 2005, which operates in Argentina and Latin America, and a member of the Advisory Council of Equipo Econ\u00f3mico (Ee).<\/p>\n<p>She is also a member of the Board of Directors of the Argentine Chamber of Commerce and Services, and of WCD (Women Corporate Directors), and leader of the Fintech Commission at DMA (Data and Marketing Association of Argentina).<\/p>\n<p>She has extensive experience in management and leadership positions. She works alongside the board of the main Argentine and Latin American companies in understanding the real economy, and providing consulting and advice in the creation and development of business lines.[\/vc_column_text][\/vc_column][vc_column width=&#8221;5\/12&#8243;][vc_column_text css=&#8221;.vc_custom_1679064943450{padding-top: 10px !important;}&#8221;]She actively participates in projects that require a disruptive and innovative component and a commitment to sustainability. As CEO of ABECEB, she defines the direction and strategic planning of the company, leads the implementation of the business plan and coordinates the key projects for the growth of the company, as well as its international expansion through alliances with partners in Spain, Mexico , Brazil, Chile, Per\u00fa and Uruguay. She has extensive experience in managing interdisciplinary teams.<\/p>\n<p>Mariana Camino act\u00faa como ponente en foros de negocios (CAC, IDEA, WCD, IAEF, BDO, KPMG, entre otros). Sus columnas de opini\u00f3n son publicadas en medios de econom\u00eda y nacionales (El Cronista, Infobae, Perfil, \u00c1mbito). Es Licenciada en Administraci\u00f3n de Empresas, graduada de la Universidad Nacional de La Plata (UNLP).[\/vc_column_text][\/vc_column][\/vc_row]<\/p>\n<\/div>","protected":false},"excerpt":{"rendered":"<p>[vc_row full_width=&#8221;stretch_row&#8221; bg_type=&#8221;bg_color&#8221; css=&#8221;.vc_custom_1632489511127{margin-top: 0px !important;margin-right: 0px !important;margin-bottom: 0px !important;margin-left: 0px !important;padding-top: 0px !important;padding-bottom: 0px !important;}&#8221; bg_color_value=&#8221;#f8f8f8&#8243;][vc_column css=&#8221;.vc_custom_1632489488252{margin-top: 0px !important;margin-right: 0px !important;margin-bottom: 0px !important;margin-left: 0px !important;padding-top: 0px !important;padding-right: 0px !important;padding-bottom: 0px !important;padding-left: 0px !important;}&#8221;][vc_column_text css=&#8221;.vc_custom_1679064877225{margin-top: 0px !important;margin-bottom: 0px !important;padding-top: 15px !important;padding-bottom: 15px !important;}&#8221;] Home\u00a0&gt; Our team\u00a0&gt; Mariana Camino [\/vc_column_text][\/vc_column][\/vc_row][vc_row full_width=&#8221;stretch_row&#8221; equal_height=&#8221;yes&#8221; content_placement=&#8221;middle&#8221; css=&#8221;.vc_custom_1632490381944{margin-top: 0px !important;margin-right:&hellip;<\/p>\n","protected":false},"author":1,"featured_media":0,"parent":3286,"menu_order":0,"comment_status":"closed","ping_status":"closed","template":"template-microsite.php","meta":{"_acf_changed":false,"footnotes":""},"coauthors":[333],"class_list":["post-6452","page","type-page","status-publish","hentry","description-off"],"acf":[],"_links":{"self":[{"href":"https:\/\/www.equipoeconomico.com\/en\/wp-json\/wp\/v2\/pages\/6452","targetHints":{"allow":["GET"]}}],"collection":[{"href":"https:\/\/www.equipoeconomico.com\/en\/wp-json\/wp\/v2\/pages"}],"about":[{"href":"https:\/\/www.equipoeconomico.com\/en\/wp-json\/wp\/v2\/types\/page"}],"author":[{"embeddable":true,"href":"https:\/\/www.equipoeconomico.com\/en\/wp-json\/wp\/v2\/users\/1"}],"replies":[{"embeddable":true,"href":"https:\/\/www.equipoeconomico.com\/en\/wp-json\/wp\/v2\/comments?post=6452"}],"version-history":[{"count":2,"href":"https:\/\/www.equipoeconomico.com\/en\/wp-json\/wp\/v2\/pages\/6452\/revisions"}],"predecessor-version":[{"id":6454,"href":"https:\/\/www.equipoeconomico.com\/en\/wp-json\/wp\/v2\/pages\/6452\/revisions\/6454"}],"up":[{"embeddable":true,"href":"https:\/\/www.equipoeconomico.com\/en\/wp-json\/wp\/v2\/pages\/3286"}],"wp:attachment":[{"href":"https:\/\/www.equipoeconomico.com\/en\/wp-json\/wp\/v2\/media?parent=6452"}],"wp:term":[{"taxonomy":"author","embeddable":true,"href":"https:\/\/www.equipoeconomico.com\/en\/wp-json\/wp\/v2\/coauthors?post=6452"}],"curies":[{"name":"wp","href":"https:\/\/api.w.org\/{rel}","templated":true}]}}